{"id":503,"date":"2021-05-12T18:14:47","date_gmt":"2021-05-12T18:14:47","guid":{"rendered":"https:\/\/misot.pl\/?page_id=503"},"modified":"2022-01-19T14:47:49","modified_gmt":"2022-01-19T13:47:49","slug":"prezentacje","status":"publish","type":"page","link":"https:\/\/misot.pl\/stary\/home\/biuro-prasowe\/prezentacje\/","title":{"rendered":"Prezentacje"},"content":{"rendered":"\t\t<div data-elementor-type=\"wp-page\" data-elementor-id=\"503\" class=\"elementor elementor-503\" data-elementor-post-type=\"page\">\n\t\t\t\t\t\t<section class=\"elementor-section elementor-top-section elementor-element elementor-element-6a77209 elementor-section-full_width elementor-section-height-min-height elementor-section-items-top elementor-section-content-middle elementor-section-height-default\" data-id=\"6a77209\" data-element_type=\"section\" data-e-type=\"section\" data-settings=\"{&quot;background_background&quot;:&quot;classic&quot;,&quot;_ob_glider_is_slider&quot;:&quot;no&quot;}\">\n\t\t\t\t\t\t<div class=\"elementor-container elementor-column-gap-default\">\n\t\t\t\t\t<div class=\"elementor-column elementor-col-100 elementor-top-column elementor-element elementor-element-9ee8995\" data-id=\"9ee8995\" data-element_type=\"column\" data-e-type=\"column\" data-settings=\"{&quot;background_background&quot;:&quot;slideshow&quot;,&quot;background_slideshow_gallery&quot;:[],&quot;background_slideshow_loop&quot;:&quot;yes&quot;,&quot;background_slideshow_slide_duration&quot;:5000,&quot;background_slideshow_slide_transition&quot;:&quot;fade&quot;,&quot;background_slideshow_transition_duration&quot;:500,&quot;_ob_column_hoveranimator&quot;:&quot;no&quot;,&quot;_ob_column_has_pseudo&quot;:&quot;no&quot;}\">\n\t\t\t<div class=\"elementor-widget-wrap elementor-element-populated\">\n\t\t\t\t\t\t<section class=\"elementor-section elementor-inner-section elementor-element elementor-element-aa626b1 elementor-section-full_width elementor-section-height-min-height elementor-section-content-middle elementor-section-height-default\" data-id=\"aa626b1\" data-element_type=\"section\" data-e-type=\"section\" data-settings=\"{&quot;background_background&quot;:&quot;slideshow&quot;,&quot;_ob_glider_is_slider&quot;:&quot;no&quot;,&quot;background_slideshow_gallery&quot;:[],&quot;background_slideshow_loop&quot;:&quot;yes&quot;,&quot;background_slideshow_slide_duration&quot;:5000,&quot;background_slideshow_slide_transition&quot;:&quot;fade&quot;,&quot;background_slideshow_transition_duration&quot;:500}\">\n\t\t\t\t\t\t<div class=\"elementor-container elementor-column-gap-default\">\n\t\t\t\t\t<div class=\"elementor-column elementor-col-100 elementor-inner-column elementor-element elementor-element-da36de6\" data-id=\"da36de6\" data-element_type=\"column\" data-e-type=\"column\" data-settings=\"{&quot;background_background&quot;:&quot;slideshow&quot;,&quot;background_slideshow_gallery&quot;:[],&quot;background_slideshow_loop&quot;:&quot;yes&quot;,&quot;background_slideshow_slide_duration&quot;:5000,&quot;background_slideshow_slide_transition&quot;:&quot;fade&quot;,&quot;background_slideshow_transition_duration&quot;:500,&quot;_ob_column_hoveranimator&quot;:&quot;no&quot;,&quot;_ob_column_has_pseudo&quot;:&quot;no&quot;}\">\n\t\t\t<div class=\"elementor-widget-wrap\">\n\t\t\t\t\t\t\t<\/div>\n\t\t<\/div>\n\t\t\t\t\t<\/div>\n\t\t<\/section>\n\t\t\t\t<div class=\"elementor-element elementor-element-802001c elementor-view-default ob-has-background-overlay elementor-widget elementor-widget-icon\" data-id=\"802001c\" data-element_type=\"widget\" data-e-type=\"widget\" data-settings=\"{&quot;_ob_widget_stalker_use&quot;:&quot;no&quot;,&quot;_ob_poopart_use&quot;:&quot;yes&quot;,&quot;_ob_shadough_use&quot;:&quot;no&quot;,&quot;_ob_allow_hoveranimator&quot;:&quot;no&quot;}\" data-widget_type=\"icon.default\">\n\t\t\t\t\t\t\t<div class=\"elementor-icon-wrapper\">\n\t\t\t<a class=\"elementor-icon elementor-animation-pulse\" href=\"#zajmujemy_sie\" rel=\"nofollow\">\n\t\t\t<svg aria-hidden=\"true\" class=\"e-font-icon-svg e-fas-chevron-down\" viewBox=\"0 0 448 512\" xmlns=\"http:\/\/www.w3.org\/2000\/svg\"><path d=\"M207.029 381.476L12.686 187.132c-9.373-9.373-9.373-24.569 0-33.941l22.667-22.667c9.357-9.357 24.522-9.375 33.901-.04L224 284.505l154.745-154.021c9.379-9.335 24.544-9.317 33.901.04l22.667 22.667c9.373 9.373 9.373 24.569 0 33.941L240.971 381.476c-9.373 9.372-24.569 9.372-33.942 0z\"><\/path><\/svg>\t\t\t<\/a>\n\t\t<\/div>\n\t\t\t\t\t\t<\/div>\n\t\t\t\t\t<\/div>\n\t\t<\/div>\n\t\t\t\t\t<\/div>\n\t\t<\/section>\n\t\t\t\t<section class=\"elementor-section elementor-top-section elementor-element elementor-element-e476379 elementor-section-boxed elementor-section-height-default elementor-section-height-default\" data-id=\"e476379\" data-element_type=\"section\" data-e-type=\"section\" data-settings=\"{&quot;_ob_glider_is_slider&quot;:&quot;no&quot;}\">\n\t\t\t\t\t\t<div class=\"elementor-container elementor-column-gap-default\">\n\t\t\t\t\t<div class=\"elementor-column elementor-col-100 elementor-top-column elementor-element elementor-element-9005487\" data-id=\"9005487\" data-element_type=\"column\" data-e-type=\"column\" data-settings=\"{&quot;_ob_column_hoveranimator&quot;:&quot;no&quot;,&quot;_ob_column_has_pseudo&quot;:&quot;no&quot;}\">\n\t\t\t<div class=\"elementor-widget-wrap elementor-element-populated\">\n\t\t\t\t\t\t<div class=\"elementor-element elementor-element-7ce2b6f ob-harakiri-inherit ob-has-background-overlay elementor-widget elementor-widget-heading\" data-id=\"7ce2b6f\" data-element_type=\"widget\" data-e-type=\"widget\" data-settings=\"{&quot;_ob_use_harakiri&quot;:&quot;yes&quot;,&quot;_ob_harakiri_writing_mode&quot;:&quot;inherit&quot;,&quot;_ob_harakiri_text_clip&quot;:&quot;none&quot;,&quot;_ob_widget_stalker_use&quot;:&quot;no&quot;,&quot;_ob_poopart_use&quot;:&quot;yes&quot;,&quot;_ob_shadough_use&quot;:&quot;no&quot;,&quot;_ob_allow_hoveranimator&quot;:&quot;no&quot;}\" data-widget_type=\"heading.default\">\n\t\t\t\t\t<h1 class=\"elementor-heading-title elementor-size-default\">Prezentacje<\/h1>\t\t\t\t<\/div>\n\t\t\t\t<section class=\"elementor-section elementor-inner-section elementor-element elementor-element-a4be28a elementor-section-boxed elementor-section-height-default elementor-section-height-default\" data-id=\"a4be28a\" data-element_type=\"section\" data-e-type=\"section\" data-settings=\"{&quot;_ob_glider_is_slider&quot;:&quot;no&quot;}\">\n\t\t\t\t\t\t<div class=\"elementor-container elementor-column-gap-default\">\n\t\t\t\t\t<div class=\"elementor-column elementor-col-33 elementor-inner-column elementor-element elementor-element-e1356f5\" data-id=\"e1356f5\" data-element_type=\"column\" data-e-type=\"column\" data-settings=\"{&quot;_ob_column_hoveranimator&quot;:&quot;no&quot;,&quot;_ob_column_has_pseudo&quot;:&quot;no&quot;}\">\n\t\t\t<div class=\"elementor-widget-wrap\">\n\t\t\t\t\t\t\t<\/div>\n\t\t<\/div>\n\t\t\t\t<div class=\"elementor-column elementor-col-33 elementor-inner-column elementor-element elementor-element-b67d113\" data-id=\"b67d113\" data-element_type=\"column\" data-e-type=\"column\" data-settings=\"{&quot;_ob_column_hoveranimator&quot;:&quot;no&quot;,&quot;_ob_column_has_pseudo&quot;:&quot;no&quot;}\">\n\t\t\t<div class=\"elementor-widget-wrap elementor-element-populated\">\n\t\t\t\t\t\t<div class=\"elementor-element elementor-element-e307960 ob-has-background-overlay elementor-widget elementor-widget-image\" data-id=\"e307960\" data-element_type=\"widget\" data-e-type=\"widget\" data-settings=\"{&quot;_ob_photomorph_use&quot;:&quot;no&quot;,&quot;_ob_widget_stalker_use&quot;:&quot;no&quot;,&quot;_ob_poopart_use&quot;:&quot;yes&quot;,&quot;_ob_shadough_use&quot;:&quot;no&quot;,&quot;_ob_allow_hoveranimator&quot;:&quot;no&quot;}\" data-widget_type=\"image.default\">\n\t\t\t\t\t\t\t\t\t\t\t\t\t\t\t\t<a href=\"https:\/\/prezi.com\/view\/dU9EP7ngO1BVBrEr1ZGT\/\" target=\"_blank\">\n\t\t\t\t\t\t\t<img fetchpriority=\"high\" decoding=\"async\" width=\"768\" height=\"431\" src=\"https:\/\/misot.pl\/stary\/wp-content\/uploads\/2021\/06\/Zrzut-ekranu-2021-06-9-o-23.16.50-768x431.png\" class=\"attachment-medium_large size-medium_large wp-image-1477\" alt=\"\" srcset=\"https:\/\/misot.pl\/stary\/wp-content\/uploads\/2021\/06\/Zrzut-ekranu-2021-06-9-o-23.16.50-768x431.png 768w, https:\/\/misot.pl\/stary\/wp-content\/uploads\/2021\/06\/Zrzut-ekranu-2021-06-9-o-23.16.50-300x168.png 300w, https:\/\/misot.pl\/stary\/wp-content\/uploads\/2021\/06\/Zrzut-ekranu-2021-06-9-o-23.16.50-1024x575.png 1024w, https:\/\/misot.pl\/stary\/wp-content\/uploads\/2021\/06\/Zrzut-ekranu-2021-06-9-o-23.16.50-1536x863.png 1536w, https:\/\/misot.pl\/stary\/wp-content\/uploads\/2021\/06\/Zrzut-ekranu-2021-06-9-o-23.16.50-2048x1150.png 2048w, https:\/\/misot.pl\/stary\/wp-content\/uploads\/2021\/06\/Zrzut-ekranu-2021-06-9-o-23.16.50-1568x881.png 1568w\" sizes=\"(max-width: 768px) 100vw, 768px\" \/>\t\t\t\t\t\t\t\t<\/a>\n\t\t\t\t\t\t\t\t\t\t\t\t\t\t\t<\/div>\n\t\t\t\t<div class=\"elementor-element elementor-element-cfc8d5e ob-harakiri-inherit ob-has-background-overlay elementor-widget elementor-widget-text-editor\" data-id=\"cfc8d5e\" data-element_type=\"widget\" data-e-type=\"widget\" data-settings=\"{&quot;_ob_use_harakiri&quot;:&quot;yes&quot;,&quot;_ob_harakiri_writing_mode&quot;:&quot;inherit&quot;,&quot;_ob_postman_use&quot;:&quot;no&quot;,&quot;_ob_widget_stalker_use&quot;:&quot;no&quot;,&quot;_ob_poopart_use&quot;:&quot;yes&quot;,&quot;_ob_shadough_use&quot;:&quot;no&quot;,&quot;_ob_allow_hoveranimator&quot;:&quot;no&quot;}\" data-widget_type=\"text-editor.default\">\n\t\t\t\t\t\t\t\t\t<p><strong><span class=\"tojvnm2t a6sixzi8 abs2jz4q a8s20v7p t1p8iaqh k5wvi7nf q3lfd5jv pk4s997a bipmatt0 cebpdrjk qowsmv63 owwhemhu dp1hu0rb dhp61c6y iyyx5f41\">2021-06-15<\/span><br \/><span class=\"tojvnm2t a6sixzi8 abs2jz4q a8s20v7p t1p8iaqh k5wvi7nf q3lfd5jv pk4s997a bipmatt0 cebpdrjk qowsmv63 owwhemhu dp1hu0rb dhp61c6y iyyx5f41\">Mi\u015aOT SA i GRUPA Mi\u015aOT<\/span><br \/><\/strong><\/p>\t\t\t\t\t\t\t\t<\/div>\n\t\t\t\t\t<\/div>\n\t\t<\/div>\n\t\t\t\t<div class=\"elementor-column elementor-col-33 elementor-inner-column elementor-element elementor-element-06d49cf\" data-id=\"06d49cf\" data-element_type=\"column\" data-e-type=\"column\" data-settings=\"{&quot;_ob_column_hoveranimator&quot;:&quot;no&quot;,&quot;_ob_column_has_pseudo&quot;:&quot;no&quot;}\">\n\t\t\t<div class=\"elementor-widget-wrap\">\n\t\t\t\t\t\t\t<\/div>\n\t\t<\/div>\n\t\t\t\t\t<\/div>\n\t\t<\/section>\n\t\t\t\t\t<\/div>\n\t\t<\/div>\n\t\t\t\t\t<\/div>\n\t\t<\/section>\n\t\t\t\t<\/div>\n\t\t","protected":false},"excerpt":{"rendered":"<p>Prezentacje 2021-06-15Mi\u015aOT SA i GRUPA Mi\u015aOT<\/p>\n","protected":false},"author":1,"featured_media":0,"parent":24,"menu_order":5,"comment_status":"closed","ping_status":"closed","template":"elementor_header_footer","meta":{"footnotes":""},"class_list":["post-503","page","type-page","status-publish","hentry"],"yoast_head":"<!-- This site is optimized with the Yoast SEO plugin v26.9 - https:\/\/yoast.com\/product\/yoast-seo-wordpress\/ -->\n<title>Prezentacje - Mi\u015aOT<\/title>\n<meta name=\"robots\" content=\"index, follow, max-snippet:-1, max-image-preview:large, max-video-preview:-1\" \/>\n<link rel=\"canonical\" href=\"https:\/\/misot.pl\/stary\/home\/biuro-prasowe\/prezentacje\/\" \/>\n<meta property=\"og:locale\" content=\"pl_PL\" \/>\n<meta property=\"og:type\" content=\"article\" \/>\n<meta property=\"og:title\" content=\"Prezentacje - Mi\u015aOT\" \/>\n<meta property=\"og:description\" content=\"Prezentacje 2021-06-15Mi\u015aOT SA i GRUPA Mi\u015aOT\" \/>\n<meta property=\"og:url\" content=\"https:\/\/misot.pl\/stary\/home\/biuro-prasowe\/prezentacje\/\" \/>\n<meta property=\"og:site_name\" content=\"Mi\u015aOT\" \/>\n<meta property=\"article:publisher\" content=\"https:\/\/www.facebook.com\/MiSOTpl\" \/>\n<meta property=\"article:modified_time\" content=\"2022-01-19T13:47:49+00:00\" \/>\n<meta property=\"og:image\" content=\"https:\/\/misot.pl\/wp-content\/uploads\/2021\/06\/Zrzut-ekranu-2021-06-9-o-23.16.50.png\" \/>\n<meta name=\"twitter:card\" content=\"summary_large_image\" \/>\n<script type=\"application\/ld+json\" class=\"yoast-schema-graph\">{\"@context\":\"https:\/\/schema.org\",\"@graph\":[{\"@type\":\"WebPage\",\"@id\":\"https:\/\/misot.pl\/stary\/home\/biuro-prasowe\/prezentacje\/\",\"url\":\"https:\/\/misot.pl\/stary\/home\/biuro-prasowe\/prezentacje\/\",\"name\":\"Prezentacje - Mi\u015aOT\",\"isPartOf\":{\"@id\":\"https:\/\/misot.pl\/stary\/#website\"},\"primaryImageOfPage\":{\"@id\":\"https:\/\/misot.pl\/stary\/home\/biuro-prasowe\/prezentacje\/#primaryimage\"},\"image\":{\"@id\":\"https:\/\/misot.pl\/stary\/home\/biuro-prasowe\/prezentacje\/#primaryimage\"},\"thumbnailUrl\":\"https:\/\/misot.pl\/wp-content\/uploads\/2021\/06\/Zrzut-ekranu-2021-06-9-o-23.16.50.png\",\"datePublished\":\"2021-05-12T18:14:47+00:00\",\"dateModified\":\"2022-01-19T13:47:49+00:00\",\"breadcrumb\":{\"@id\":\"https:\/\/misot.pl\/stary\/home\/biuro-prasowe\/prezentacje\/#breadcrumb\"},\"inLanguage\":\"pl-PL\",\"potentialAction\":[{\"@type\":\"ReadAction\",\"target\":[\"https:\/\/misot.pl\/stary\/home\/biuro-prasowe\/prezentacje\/\"]}]},{\"@type\":\"ImageObject\",\"inLanguage\":\"pl-PL\",\"@id\":\"https:\/\/misot.pl\/stary\/home\/biuro-prasowe\/prezentacje\/#primaryimage\",\"url\":\"https:\/\/misot.pl\/wp-content\/uploads\/2021\/06\/Zrzut-ekranu-2021-06-9-o-23.16.50.png\",\"contentUrl\":\"https:\/\/misot.pl\/wp-content\/uploads\/2021\/06\/Zrzut-ekranu-2021-06-9-o-23.16.50.png\"},{\"@type\":\"BreadcrumbList\",\"@id\":\"https:\/\/misot.pl\/stary\/home\/biuro-prasowe\/prezentacje\/#breadcrumb\",\"itemListElement\":[{\"@type\":\"ListItem\",\"position\":1,\"name\":\"Strona g\u0142\u00f3wna\",\"item\":\"https:\/\/misot.pl\/stary\/\"},{\"@type\":\"ListItem\",\"position\":2,\"name\":\"Home\",\"item\":\"https:\/\/misot.pl\/stary\/\"},{\"@type\":\"ListItem\",\"position\":3,\"name\":\"Biuro prasowe\",\"item\":\"https:\/\/misot.pl\/stary\/home\/biuro-prasowe\/\"},{\"@type\":\"ListItem\",\"position\":4,\"name\":\"Prezentacje\"}]},{\"@type\":\"WebSite\",\"@id\":\"https:\/\/misot.pl\/stary\/#website\",\"url\":\"https:\/\/misot.pl\/stary\/\",\"name\":\"Mi\u015aOT\",\"description\":\"\u0141\u0105czymy lokalnie\",\"publisher\":{\"@id\":\"https:\/\/misot.pl\/stary\/#organization\"},\"potentialAction\":[{\"@type\":\"SearchAction\",\"target\":{\"@type\":\"EntryPoint\",\"urlTemplate\":\"https:\/\/misot.pl\/stary\/?s={search_term_string}\"},\"query-input\":{\"@type\":\"PropertyValueSpecification\",\"valueRequired\":true,\"valueName\":\"search_term_string\"}}],\"inLanguage\":\"pl-PL\"},{\"@type\":\"Organization\",\"@id\":\"https:\/\/misot.pl\/stary\/#organization\",\"name\":\"Mi\u015aOT\",\"url\":\"https:\/\/misot.pl\/stary\/\",\"logo\":{\"@type\":\"ImageObject\",\"inLanguage\":\"pl-PL\",\"@id\":\"https:\/\/misot.pl\/stary\/#\/schema\/logo\/image\/\",\"url\":\"https:\/\/misot.pl\/wp-content\/uploads\/2026\/01\/grupa-misot-tla-jasne.png\",\"contentUrl\":\"https:\/\/misot.pl\/wp-content\/uploads\/2026\/01\/grupa-misot-tla-jasne.png\",\"width\":1320,\"height\":743,\"caption\":\"Mi\u015aOT\"},\"image\":{\"@id\":\"https:\/\/misot.pl\/stary\/#\/schema\/logo\/image\/\"},\"sameAs\":[\"https:\/\/www.facebook.com\/MiSOTpl\",\"https:\/\/www.youtube.com\/channel\/UCCjxl2ju4z8-aQLY4cErc0w\",\"https:\/\/www.linkedin.com\/company\/grupa-miot\/\"]}]}<\/script>\n<!-- \/ Yoast SEO plugin. -->","yoast_head_json":{"title":"Prezentacje - Mi\u015aOT","robots":{"index":"index","follow":"follow","max-snippet":"max-snippet:-1","max-image-preview":"max-image-preview:large","max-video-preview":"max-video-preview:-1"},"canonical":"https:\/\/misot.pl\/stary\/home\/biuro-prasowe\/prezentacje\/","og_locale":"pl_PL","og_type":"article","og_title":"Prezentacje - Mi\u015aOT","og_description":"Prezentacje 2021-06-15Mi\u015aOT SA i GRUPA Mi\u015aOT","og_url":"https:\/\/misot.pl\/stary\/home\/biuro-prasowe\/prezentacje\/","og_site_name":"Mi\u015aOT","article_publisher":"https:\/\/www.facebook.com\/MiSOTpl","article_modified_time":"2022-01-19T13:47:49+00:00","og_image":[{"url":"https:\/\/misot.pl\/wp-content\/uploads\/2021\/06\/Zrzut-ekranu-2021-06-9-o-23.16.50.png","type":"","width":"","height":""}],"twitter_card":"summary_large_image","schema":{"@context":"https:\/\/schema.org","@graph":[{"@type":"WebPage","@id":"https:\/\/misot.pl\/stary\/home\/biuro-prasowe\/prezentacje\/","url":"https:\/\/misot.pl\/stary\/home\/biuro-prasowe\/prezentacje\/","name":"Prezentacje - Mi\u015aOT","isPartOf":{"@id":"https:\/\/misot.pl\/stary\/#website"},"primaryImageOfPage":{"@id":"https:\/\/misot.pl\/stary\/home\/biuro-prasowe\/prezentacje\/#primaryimage"},"image":{"@id":"https:\/\/misot.pl\/stary\/home\/biuro-prasowe\/prezentacje\/#primaryimage"},"thumbnailUrl":"https:\/\/misot.pl\/wp-content\/uploads\/2021\/06\/Zrzut-ekranu-2021-06-9-o-23.16.50.png","datePublished":"2021-05-12T18:14:47+00:00","dateModified":"2022-01-19T13:47:49+00:00","breadcrumb":{"@id":"https:\/\/misot.pl\/stary\/home\/biuro-prasowe\/prezentacje\/#breadcrumb"},"inLanguage":"pl-PL","potentialAction":[{"@type":"ReadAction","target":["https:\/\/misot.pl\/stary\/home\/biuro-prasowe\/prezentacje\/"]}]},{"@type":"ImageObject","inLanguage":"pl-PL","@id":"https:\/\/misot.pl\/stary\/home\/biuro-prasowe\/prezentacje\/#primaryimage","url":"https:\/\/misot.pl\/wp-content\/uploads\/2021\/06\/Zrzut-ekranu-2021-06-9-o-23.16.50.png","contentUrl":"https:\/\/misot.pl\/wp-content\/uploads\/2021\/06\/Zrzut-ekranu-2021-06-9-o-23.16.50.png"},{"@type":"BreadcrumbList","@id":"https:\/\/misot.pl\/stary\/home\/biuro-prasowe\/prezentacje\/#breadcrumb","itemListElement":[{"@type":"ListItem","position":1,"name":"Strona g\u0142\u00f3wna","item":"https:\/\/misot.pl\/stary\/"},{"@type":"ListItem","position":2,"name":"Home","item":"https:\/\/misot.pl\/stary\/"},{"@type":"ListItem","position":3,"name":"Biuro prasowe","item":"https:\/\/misot.pl\/stary\/home\/biuro-prasowe\/"},{"@type":"ListItem","position":4,"name":"Prezentacje"}]},{"@type":"WebSite","@id":"https:\/\/misot.pl\/stary\/#website","url":"https:\/\/misot.pl\/stary\/","name":"Mi\u015aOT","description":"\u0141\u0105czymy lokalnie","publisher":{"@id":"https:\/\/misot.pl\/stary\/#organization"},"potentialAction":[{"@type":"SearchAction","target":{"@type":"EntryPoint","urlTemplate":"https:\/\/misot.pl\/stary\/?s={search_term_string}"},"query-input":{"@type":"PropertyValueSpecification","valueRequired":true,"valueName":"search_term_string"}}],"inLanguage":"pl-PL"},{"@type":"Organization","@id":"https:\/\/misot.pl\/stary\/#organization","name":"Mi\u015aOT","url":"https:\/\/misot.pl\/stary\/","logo":{"@type":"ImageObject","inLanguage":"pl-PL","@id":"https:\/\/misot.pl\/stary\/#\/schema\/logo\/image\/","url":"https:\/\/misot.pl\/wp-content\/uploads\/2026\/01\/grupa-misot-tla-jasne.png","contentUrl":"https:\/\/misot.pl\/wp-content\/uploads\/2026\/01\/grupa-misot-tla-jasne.png","width":1320,"height":743,"caption":"Mi\u015aOT"},"image":{"@id":"https:\/\/misot.pl\/stary\/#\/schema\/logo\/image\/"},"sameAs":["https:\/\/www.facebook.com\/MiSOTpl","https:\/\/www.youtube.com\/channel\/UCCjxl2ju4z8-aQLY4cErc0w","https:\/\/www.linkedin.com\/company\/grupa-miot\/"]}]}},"_links":{"self":[{"href":"https:\/\/misot.pl\/stary\/wp-json\/wp\/v2\/pages\/503","targetHints":{"allow":["GET"]}}],"collection":[{"href":"https:\/\/misot.pl\/stary\/wp-json\/wp\/v2\/pages"}],"about":[{"href":"https:\/\/misot.pl\/stary\/wp-json\/wp\/v2\/types\/page"}],"author":[{"embeddable":true,"href":"https:\/\/misot.pl\/stary\/wp-json\/wp\/v2\/users\/1"}],"replies":[{"embeddable":true,"href":"https:\/\/misot.pl\/stary\/wp-json\/wp\/v2\/comments?post=503"}],"version-history":[{"count":72,"href":"https:\/\/misot.pl\/stary\/wp-json\/wp\/v2\/pages\/503\/revisions"}],"predecessor-version":[{"id":9075,"href":"https:\/\/misot.pl\/stary\/wp-json\/wp\/v2\/pages\/503\/revisions\/9075"}],"up":[{"embeddable":true,"href":"https:\/\/misot.pl\/stary\/wp-json\/wp\/v2\/pages\/24"}],"wp:attachment":[{"href":"https:\/\/misot.pl\/stary\/wp-json\/wp\/v2\/media?parent=503"}],"curies":[{"name":"wp","href":"https:\/\/api.w.org\/{rel}","templated":true}]}}