{"id":25367,"date":"2023-09-25T12:45:46","date_gmt":"2023-09-25T10:45:46","guid":{"rendered":"https:\/\/misot.pl\/?page_id=25367"},"modified":"2023-09-25T12:47:59","modified_gmt":"2023-09-25T10:47:59","slug":"s46-copy","status":"publish","type":"page","link":"https:\/\/misot.pl\/stary\/dla-gmin\/s46-copy\/","title":{"rendered":"s46 &#8211; Copy"},"content":{"rendered":"","protected":true},"excerpt":{"rendered":"","protected":true},"author":5,"featured_media":0,"parent":23750,"menu_order":1,"comment_status":"closed","ping_status":"closed","template":"elementor_canvas","meta":{"footnotes":""},"class_list":["post-25367","page","type-page","status-publish","post-password-required","hentry"],"yoast_head":"<!-- This site is optimized with the Yoast SEO plugin v26.9 - https:\/\/yoast.com\/product\/yoast-seo-wordpress\/ -->\n<title>s46 - Copy - Mi\u015aOT<\/title>\n<meta name=\"robots\" content=\"index, follow, max-snippet:-1, max-image-preview:large, max-video-preview:-1\" \/>\n<link rel=\"canonical\" href=\"https:\/\/misot.pl\/stary\/dla-gmin\/s46-copy\/\" \/>\n<meta property=\"og:locale\" content=\"pl_PL\" \/>\n<meta property=\"og:type\" content=\"article\" \/>\n<meta property=\"og:title\" content=\"s46 - Copy - Mi\u015aOT\" \/>\n<meta property=\"og:description\" content=\"Brak zajawki, poniewa\u017c wpis jest zabezpieczony has\u0142em.\" \/>\n<meta property=\"og:url\" content=\"https:\/\/misot.pl\/stary\/dla-gmin\/s46-copy\/\" \/>\n<meta property=\"og:site_name\" content=\"Mi\u015aOT\" \/>\n<meta property=\"article:publisher\" content=\"https:\/\/www.facebook.com\/MiSOTpl\" \/>\n<meta property=\"article:modified_time\" content=\"2023-09-25T10:47:59+00:00\" \/>\n<meta name=\"twitter:card\" content=\"summary_large_image\" \/>\n<meta name=\"twitter:label1\" content=\"Szacowany czas czytania\" \/>\n\t<meta name=\"twitter:data1\" content=\"3 minuty\" \/>\n<script type=\"application\/ld+json\" class=\"yoast-schema-graph\">{\"@context\":\"https:\/\/schema.org\",\"@graph\":[{\"@type\":\"WebPage\",\"@id\":\"https:\/\/misot.pl\/stary\/dla-gmin\/s46-copy\/\",\"url\":\"https:\/\/misot.pl\/stary\/dla-gmin\/s46-copy\/\",\"name\":\"s46 - Copy - Mi\u015aOT\",\"isPartOf\":{\"@id\":\"https:\/\/misot.pl\/stary\/#website\"},\"datePublished\":\"2023-09-25T10:45:46+00:00\",\"dateModified\":\"2023-09-25T10:47:59+00:00\",\"breadcrumb\":{\"@id\":\"https:\/\/misot.pl\/stary\/dla-gmin\/s46-copy\/#breadcrumb\"},\"inLanguage\":\"pl-PL\"},{\"@type\":\"WebSite\",\"@id\":\"https:\/\/misot.pl\/stary\/#website\",\"url\":\"https:\/\/misot.pl\/stary\/\",\"name\":\"Mi\u015aOT\",\"description\":\"\u0141\u0105czymy lokalnie\",\"publisher\":{\"@id\":\"https:\/\/misot.pl\/stary\/#organization\"},\"potentialAction\":[{\"@type\":\"SearchAction\",\"target\":{\"@type\":\"EntryPoint\",\"urlTemplate\":\"https:\/\/misot.pl\/stary\/?s={search_term_string}\"},\"query-input\":{\"@type\":\"PropertyValueSpecification\",\"valueRequired\":true,\"valueName\":\"search_term_string\"}}],\"inLanguage\":\"pl-PL\"},{\"@type\":\"Organization\",\"@id\":\"https:\/\/misot.pl\/stary\/#organization\",\"name\":\"Mi\u015aOT\",\"url\":\"https:\/\/misot.pl\/stary\/\",\"logo\":{\"@type\":\"ImageObject\",\"inLanguage\":\"pl-PL\",\"@id\":\"https:\/\/misot.pl\/stary\/#\/schema\/logo\/image\/\",\"url\":\"https:\/\/misot.pl\/wp-content\/uploads\/2026\/01\/grupa-misot-tla-jasne.png\",\"contentUrl\":\"https:\/\/misot.pl\/wp-content\/uploads\/2026\/01\/grupa-misot-tla-jasne.png\",\"width\":1320,\"height\":743,\"caption\":\"Mi\u015aOT\"},\"image\":{\"@id\":\"https:\/\/misot.pl\/stary\/#\/schema\/logo\/image\/\"},\"sameAs\":[\"https:\/\/www.facebook.com\/MiSOTpl\",\"https:\/\/www.youtube.com\/channel\/UCCjxl2ju4z8-aQLY4cErc0w\",\"https:\/\/www.linkedin.com\/company\/grupa-miot\/\"]}]}<\/script>\n<!-- \/ Yoast SEO plugin. -->","yoast_head_json":{"title":"s46 - Copy - Mi\u015aOT","robots":{"index":"index","follow":"follow","max-snippet":"max-snippet:-1","max-image-preview":"max-image-preview:large","max-video-preview":"max-video-preview:-1"},"canonical":"https:\/\/misot.pl\/stary\/dla-gmin\/s46-copy\/","og_locale":"pl_PL","og_type":"article","og_title":"s46 - Copy - Mi\u015aOT","og_description":"Brak zajawki, poniewa\u017c wpis jest zabezpieczony has\u0142em.","og_url":"https:\/\/misot.pl\/stary\/dla-gmin\/s46-copy\/","og_site_name":"Mi\u015aOT","article_publisher":"https:\/\/www.facebook.com\/MiSOTpl","article_modified_time":"2023-09-25T10:47:59+00:00","twitter_card":"summary_large_image","twitter_misc":{"Szacowany czas czytania":"3 minuty"},"schema":{"@context":"https:\/\/schema.org","@graph":[{"@type":"WebPage","@id":"https:\/\/misot.pl\/stary\/dla-gmin\/s46-copy\/","url":"https:\/\/misot.pl\/stary\/dla-gmin\/s46-copy\/","name":"s46 - Copy - Mi\u015aOT","isPartOf":{"@id":"https:\/\/misot.pl\/stary\/#website"},"datePublished":"2023-09-25T10:45:46+00:00","dateModified":"2023-09-25T10:47:59+00:00","breadcrumb":{"@id":"https:\/\/misot.pl\/stary\/dla-gmin\/s46-copy\/#breadcrumb"},"inLanguage":"pl-PL"},{"@type":"WebSite","@id":"https:\/\/misot.pl\/stary\/#website","url":"https:\/\/misot.pl\/stary\/","name":"Mi\u015aOT","description":"\u0141\u0105czymy lokalnie","publisher":{"@id":"https:\/\/misot.pl\/stary\/#organization"},"potentialAction":[{"@type":"SearchAction","target":{"@type":"EntryPoint","urlTemplate":"https:\/\/misot.pl\/stary\/?s={search_term_string}"},"query-input":{"@type":"PropertyValueSpecification","valueRequired":true,"valueName":"search_term_string"}}],"inLanguage":"pl-PL"},{"@type":"Organization","@id":"https:\/\/misot.pl\/stary\/#organization","name":"Mi\u015aOT","url":"https:\/\/misot.pl\/stary\/","logo":{"@type":"ImageObject","inLanguage":"pl-PL","@id":"https:\/\/misot.pl\/stary\/#\/schema\/logo\/image\/","url":"https:\/\/misot.pl\/wp-content\/uploads\/2026\/01\/grupa-misot-tla-jasne.png","contentUrl":"https:\/\/misot.pl\/wp-content\/uploads\/2026\/01\/grupa-misot-tla-jasne.png","width":1320,"height":743,"caption":"Mi\u015aOT"},"image":{"@id":"https:\/\/misot.pl\/stary\/#\/schema\/logo\/image\/"},"sameAs":["https:\/\/www.facebook.com\/MiSOTpl","https:\/\/www.youtube.com\/channel\/UCCjxl2ju4z8-aQLY4cErc0w","https:\/\/www.linkedin.com\/company\/grupa-miot\/"]}]}},"_links":{"self":[{"href":"https:\/\/misot.pl\/stary\/wp-json\/wp\/v2\/pages\/25367","targetHints":{"allow":["GET"]}}],"collection":[{"href":"https:\/\/misot.pl\/stary\/wp-json\/wp\/v2\/pages"}],"about":[{"href":"https:\/\/misot.pl\/stary\/wp-json\/wp\/v2\/types\/page"}],"author":[{"embeddable":true,"href":"https:\/\/misot.pl\/stary\/wp-json\/wp\/v2\/users\/5"}],"replies":[{"embeddable":true,"href":"https:\/\/misot.pl\/stary\/wp-json\/wp\/v2\/comments?post=25367"}],"version-history":[{"count":5,"href":"https:\/\/misot.pl\/stary\/wp-json\/wp\/v2\/pages\/25367\/revisions"}],"predecessor-version":[{"id":25372,"href":"https:\/\/misot.pl\/stary\/wp-json\/wp\/v2\/pages\/25367\/revisions\/25372"}],"up":[{"embeddable":true,"href":"https:\/\/misot.pl\/stary\/wp-json\/wp\/v2\/pages\/23750"}],"wp:attachment":[{"href":"https:\/\/misot.pl\/stary\/wp-json\/wp\/v2\/media?parent=25367"}],"curies":[{"name":"wp","href":"https:\/\/api.w.org\/{rel}","templated":true}]}}