{"id":8,"date":"2025-12-01T20:15:38","date_gmt":"2025-12-01T19:15:38","guid":{"rendered":"https:\/\/misot.pl\/?page_id=8"},"modified":"2025-12-01T20:15:38","modified_gmt":"2025-12-01T19:15:38","slug":"oferta","status":"publish","type":"page","link":"https:\/\/misot.pl\/en\/oferta\/","title":{"rendered":"Offer"},"content":{"rendered":"","protected":false},"excerpt":{"rendered":"","protected":false},"author":1,"featured_media":0,"parent":0,"menu_order":0,"comment_status":"closed","ping_status":"closed","template":"","meta":{"_acf_changed":false,"footnotes":""},"class_list":["post-8","page","type-page","status-publish","hentry"],"acf":[],"yoast_head":"<!-- This site is optimized with the Yoast SEO Premium plugin v23.8 (Yoast SEO v27.4) - https:\/\/yoast.com\/product\/yoast-seo-premium-wordpress\/ -->\n<title>Oferta - Mi\u015aOT - Wsparcie dla ma\u0142ych i \u015brednich operator\u00f3w telekomunikacyjnych<\/title>\n<meta name=\"robots\" content=\"index, follow, max-snippet:-1, max-image-preview:large, max-video-preview:-1\" \/>\n<link rel=\"canonical\" href=\"https:\/\/misot.pl\/en\/oferta\/\" \/>\n<meta property=\"og:locale\" content=\"en_US\" \/>\n<meta property=\"og:type\" content=\"article\" \/>\n<meta property=\"og:title\" content=\"Oferta\" \/>\n<meta property=\"og:url\" content=\"https:\/\/misot.pl\/en\/oferta\/\" \/>\n<meta property=\"og:site_name\" content=\"Mi\u015aOT - Wsparcie dla ma\u0142ych i \u015brednich operator\u00f3w telekomunikacyjnych\" \/>\n<meta property=\"og:image\" content=\"https:\/\/misot.pl\/wp-content\/uploads\/2026\/01\/getty-images-uEGPW7Q6Uhc-unsplash.webp\" \/>\n\t<meta property=\"og:image:width\" content=\"2500\" \/>\n\t<meta property=\"og:image:height\" content=\"1406\" \/>\n\t<meta property=\"og:image:type\" content=\"image\/webp\" \/>\n<meta name=\"twitter:card\" content=\"summary_large_image\" \/>\n<script type=\"application\/ld+json\" class=\"yoast-schema-graph\">{\"@context\":\"https:\\\/\\\/schema.org\",\"@graph\":[{\"@type\":\"WebPage\",\"@id\":\"https:\\\/\\\/misot.pl\\\/oferta\\\/\",\"url\":\"https:\\\/\\\/misot.pl\\\/oferta\\\/\",\"name\":\"Oferta - Mi\u015aOT - Wsparcie dla ma\u0142ych i \u015brednich operator\u00f3w telekomunikacyjnych\",\"isPartOf\":{\"@id\":\"https:\\\/\\\/misot.pl\\\/#website\"},\"datePublished\":\"2025-12-01T19:15:38+00:00\",\"breadcrumb\":{\"@id\":\"https:\\\/\\\/misot.pl\\\/oferta\\\/#breadcrumb\"},\"inLanguage\":\"en-US\",\"potentialAction\":[{\"@type\":\"ReadAction\",\"target\":[\"https:\\\/\\\/misot.pl\\\/oferta\\\/\"]}]},{\"@type\":\"BreadcrumbList\",\"@id\":\"https:\\\/\\\/misot.pl\\\/oferta\\\/#breadcrumb\",\"itemListElement\":[{\"@type\":\"ListItem\",\"position\":1,\"name\":\"Strona g\u0142\u00f3wna\",\"item\":\"https:\\\/\\\/misot.pl\\\/\"},{\"@type\":\"ListItem\",\"position\":2,\"name\":\"Oferta\"}]},{\"@type\":\"WebSite\",\"@id\":\"https:\\\/\\\/misot.pl\\\/#website\",\"url\":\"https:\\\/\\\/misot.pl\\\/\",\"name\":\"Mi\u015aOT - Wsparcie dla ma\u0142ych i \u015brednich operator\u00f3w telekomunikacyjnych\",\"description\":\"\",\"potentialAction\":[{\"@type\":\"SearchAction\",\"target\":{\"@type\":\"EntryPoint\",\"urlTemplate\":\"https:\\\/\\\/misot.pl\\\/?s={search_term_string}\"},\"query-input\":{\"@type\":\"PropertyValueSpecification\",\"valueRequired\":true,\"valueName\":\"search_term_string\"}}],\"inLanguage\":\"en-US\"}]}<\/script>\n<!-- \/ Yoast SEO Premium plugin. -->","yoast_head_json":{"title":"Offer - Mi\u015aOT - Support for Small and Medium Telecom Operators","robots":{"index":"index","follow":"follow","max-snippet":"max-snippet:-1","max-image-preview":"max-image-preview:large","max-video-preview":"max-video-preview:-1"},"canonical":"https:\/\/misot.pl\/en\/oferta\/","og_locale":"en_US","og_type":"article","og_title":"Oferta","og_url":"https:\/\/misot.pl\/en\/oferta\/","og_site_name":"Mi\u015aOT - Wsparcie dla ma\u0142ych i \u015brednich operator\u00f3w telekomunikacyjnych","og_image":[{"width":2500,"height":1406,"url":"https:\/\/misot.pl\/wp-content\/uploads\/2026\/01\/getty-images-uEGPW7Q6Uhc-unsplash.webp","type":"image\/webp"}],"twitter_card":"summary_large_image","schema":{"@context":"https:\/\/schema.org","@graph":[{"@type":"WebPage","@id":"https:\/\/misot.pl\/oferta\/","url":"https:\/\/misot.pl\/oferta\/","name":"Offer - Mi\u015aOT - Support for Small and Medium Telecom Operators","isPartOf":{"@id":"https:\/\/misot.pl\/#website"},"datePublished":"2025-12-01T19:15:38+00:00","breadcrumb":{"@id":"https:\/\/misot.pl\/oferta\/#breadcrumb"},"inLanguage":"en-US","potentialAction":[{"@type":"ReadAction","target":["https:\/\/misot.pl\/oferta\/"]}]},{"@type":"BreadcrumbList","@id":"https:\/\/misot.pl\/oferta\/#breadcrumb","itemListElement":[{"@type":"ListItem","position":1,"name":"Strona g\u0142\u00f3wna","item":"https:\/\/misot.pl\/"},{"@type":"ListItem","position":2,"name":"Oferta"}]},{"@type":"WebSite","@id":"https:\/\/misot.pl\/#website","url":"https:\/\/misot.pl\/","name":"Mi\u015aOT - Support for small and medium-sized telecommunications operators","description":"","potentialAction":[{"@type":"SearchAction","target":{"@type":"EntryPoint","urlTemplate":"https:\/\/misot.pl\/?s={search_term_string}"},"query-input":{"@type":"PropertyValueSpecification","valueRequired":true,"valueName":"search_term_string"}}],"inLanguage":"en-US"}]}},"_links":{"self":[{"href":"https:\/\/misot.pl\/en\/wp-json\/wp\/v2\/pages\/8","targetHints":{"allow":["GET"]}}],"collection":[{"href":"https:\/\/misot.pl\/en\/wp-json\/wp\/v2\/pages"}],"about":[{"href":"https:\/\/misot.pl\/en\/wp-json\/wp\/v2\/types\/page"}],"author":[{"embeddable":true,"href":"https:\/\/misot.pl\/en\/wp-json\/wp\/v2\/users\/1"}],"replies":[{"embeddable":true,"href":"https:\/\/misot.pl\/en\/wp-json\/wp\/v2\/comments?post=8"}],"version-history":[{"count":1,"href":"https:\/\/misot.pl\/en\/wp-json\/wp\/v2\/pages\/8\/revisions"}],"predecessor-version":[{"id":9,"href":"https:\/\/misot.pl\/en\/wp-json\/wp\/v2\/pages\/8\/revisions\/9"}],"wp:attachment":[{"href":"https:\/\/misot.pl\/en\/wp-json\/wp\/v2\/media?parent=8"}],"curies":[{"name":"WordPress","href":"https:\/\/api.w.org\/{rel}","templated":true}]}}