{"id":3,"date":"2025-12-01T17:42:59","date_gmt":"2025-12-01T16:42:59","guid":{"rendered":"https:\/\/misot.pl\/?page_id=3"},"modified":"2025-12-19T11:34:26","modified_gmt":"2025-12-19T10:34:26","slug":"polityka-informacyjna","status":"publish","type":"page","link":"https:\/\/misot.pl\/en\/polityka-informacyjna\/","title":{"rendered":"Information policy"},"content":{"rendered":"<p>The confidentiality of data and the privacy of our Clients are a priority for us. Therefore, with concern for data security and respecting applicable laws, Mi\u015aOT has established a policy outlining the principles regarding the collection, processing, and use of data in accordance with the Regulation of the European Parliament and of the Council (EU) 2016\/679 \u2013 the so-called GDPR.<\/p>\n\n\n\n<h2 class=\"wp-block-heading\"><strong>PERSONAL DATA CONTROLLER<\/strong><\/h2>\n\n\n\n<p>The personal data administrator processing data provided during the use of the website www.misot.pl is Mi\u015aOT S.A., represented by Mr. Adam Kossowski (hereinafter referred to as the \u201eAdministrator\u201d), with its registered office at ul. J\u00f3zefczaka 29\/40, 41-902 Bytom, NIP 626-303-74-81, REGON 385370626, KRS 0000824003.<\/p>\n\n\n\n<p><strong>Contact information:<\/strong><br>phone number: (+48) 32 810 10 55<br>e-mail address: misot@misot.pl<\/p>\n\n\n\n<p>For all matters related to the processing of personal data by the Data Administrator, you can obtain information by contacting the Data Protection Officer in the following ways: by sending a message to the e-mail address: misot@misot.pl or by mail and in person at the registered office address of the Data Administrator.<\/p>\n\n\n\n<h2 class=\"wp-block-heading\"><strong>PURPOSE AND LEGAL BASIS FOR PROCESSING PERSONAL DATA<\/strong><\/h2>\n\n\n\n<p>Data in the form of name, surname, and email address is collected via the website available at www.misot.pl<\/p>\n\n\n\n<p>Providing the above data is necessary for the purchase and provision of the service. We may also record data when you contact us by phone or email, as well as data necessary for entering into agreements with you.<\/p>\n\n\n\n<p>The personal data you provide will be processed for the following purposes:<br>- to pursue legitimate interests<br>\u2013 correspondence with you<br>- implementation of the terms of the concluded contracts<br>- fulfillment of the data controller's legal obligations<br>\u2013 archiving your data in accordance with the law<\/p>\n\n\n\n<p>The legal bases for processing your data are:<br>\u2022 Legal provisions \u2013 Act of April 23, 1964 \u2013 Civil Code, Act of July 16, 2004 Telecommunications Law<br>\u2022 Legal provisions \u2013 Regulation (EU) 2016\/679 of the European Parliament and of the Council of 27 April 2016 on the protection of natural persons with regard to the processing of personal data and on the free movement of such data, and repealing Directive 95\/46\/EC (General Data Protection Regulation), in particular Article 6(1) thereof, i.e.: (a) consent of the data subject, (b) performance of a contract, (c) compliance with a legal obligation resting on<br>Administrator, point (f) legitimate interest.<\/p>\n\n\n\n<h2 class=\"wp-block-heading\"><strong>DATA RETENTION PERIODS<\/strong><\/h2>\n\n\n\n<p>Personal data is stored:<br>1. In the case of personal data collection for the purpose of order fulfillment or contract conclusion (legal basis: art. 6 sec. 1 lit. b GDPR): for the duration of the contract and after its termination, for the purpose of full settlement between the parties regarding the contract terms, including until the statute of limitations for claims from such a contract expires (depending on the type of contract - in accordance with the Act of April 23, 1964 - Civil Code), and in terms of settlements with the tax office, for<br>the statute of limitations for tax liabilities, i.e., 5 years from the end of the tax year in which the obligation to pay tax arose for services rendered to you;<br>2. if personal data are collected for the purpose of fulfilling legal obligations (legal basis: art. 6 sec. 1 lit. c GDPR): for the period of fulfilling obligations and tasks resulting from specific legal provisions;<br>3. In the case of personal data collection based on consent (legal basis: Article 6(1)(a) GDPR): from the moment consent is given to process data covered by it (also during the performance of the contract) until the request to withdraw that consent is fulfilled, in the event of its withdrawal, or until an objection is registered.<\/p>\n\n\n\n<h2 class=\"wp-block-heading\"><strong>DATA PROCESSING RIGHTS<\/strong><\/h2>\n\n\n\n<p>You have the following rights regarding the processing of your personal data:<br>a) right of access to personal data<br>(b) the right to request rectification of personal data<br>(c) the right to request deletion of personal data, only if we are not obliged by law to process them<br>(d) The right to request restrictions on the processing of your personal data,<\/p>\n\n\n\n<p>You also have the right to lodge a complaint with the supervisory authority competent for the protection of personal data, i.e., the President of the Personal Data Protection Office, located at ul. Stawki 2, 00-193 Warsaw. To exercise the above rights, please contact us at the following email address: misot@misot.pl<\/p>\n\n\n\n<h2 class=\"wp-block-heading\"><strong>SECURITY AND CONFIDENTIALITY<\/strong><\/h2>\n\n\n\n<p>Mi\u015aOT S.A. employs adequate organizational and technical measures to secure the processed data. We make every effort to ensure that the measures used protect personal data and the privacy of the data subjects to the best of our ability.<\/p>\n\n\n\n<h2 class=\"wp-block-heading\"><strong>COPYRIGHTS<\/strong><\/h2>\n\n\n\n<p>The website misot.pl, as well as the content on it, is the exclusive property of Mi\u015aOT S.A. When inviting visitors to use the website www.misot.pl, we draw attention to the requirement to respect intellectual property rights. The website contains copyrighted content, trademarks, and other materials, in particular texts, graphics, drawings, animations, sounds, and programs. The arrangement and selection of the presented content are themselves subject to copyright protection. Copying, transmitting, publicly performing, and any use of the content presented on the website for purposes other than personal use (related to personal activities) requires the prior written consent of the company's partners.<\/p>\n\n\n\n<h2 class=\"wp-block-heading\"><strong>USE OF COOKIES<\/strong><\/h2>\n\n\n\n<p><strong>SHARING DATA WITH THIRD PARTIES<\/strong><\/p>\n\n\n\n<p>Mi\u015aOT S.A. will transfer your personal data to:<br>\u2013 data processors acting on behalf of the data controller,<br>- To entities authorized by law.<\/p>\n\n\n\n<p>Mi\u015aOT S.A. reserves the right to make changes to the content of the privacy policy in the event of changes in Polish law or the implementation of new technological and IT solutions.<\/p>\n\n\n\n<p><strong>PROCESSING OF DATA IN THIRD COUNTRIES<\/strong><\/p>\n\n\n\n<p>The Data Controller does not intend to transfer your data outside the European Economic Area (i.e., the area comprising the countries of the European Union, Norway, Liechtenstein, and Iceland).<\/p>\n\n\n\n<p><strong>PROFILING AND AUTOMATED DATA PROCESSING<\/strong><\/p>\n\n\n\n<p>The data you provide will not be profiled or processed automatically.<\/p>","protected":false},"excerpt":{"rendered":"<p>The confidentiality of data and the protection of our Clients' privacy are our top priority. Therefore, in order to ensure data security and comply with applicable laws, Mi\u015aOT has established a policy that defines the principles for collecting, processing, and using data in accordance with Regulation (EU) 2016\/679 of the European Parliament and of the Council \u2013 the GDPR. DATA CONTROLLER The controller of personal data provided while using the website www.misot.pl is <a href=\"https:\/\/misot.pl\/en\/polityka-informacyjna\/\" class=\"more-link\">...<span class=\"screen-reader-text\">  Information policy<\/span><\/a><\/p>","protected":false},"author":1,"featured_media":0,"parent":0,"menu_order":0,"comment_status":"closed","ping_status":"closed","template":"strony.php","meta":{"_acf_changed":false,"footnotes":""},"class_list":["post-3","page","type-page","status-publish","hentry"],"acf":[],"yoast_head":"<!-- This site is optimized with the Yoast SEO Premium plugin v23.8 (Yoast SEO v27.4) - https:\/\/yoast.com\/product\/yoast-seo-premium-wordpress\/ -->\n<title>Polityka informacyjna - Mi\u015aOT - Wsparcie dla ma\u0142ych i \u015brednich operator\u00f3w telekomunikacyjnych<\/title>\n<meta name=\"robots\" content=\"index, follow, max-snippet:-1, max-image-preview:large, max-video-preview:-1\" \/>\n<link rel=\"canonical\" href=\"https:\/\/misot.pl\/en\/polityka-informacyjna\/\" \/>\n<meta property=\"og:locale\" content=\"en_US\" \/>\n<meta property=\"og:type\" content=\"article\" \/>\n<meta property=\"og:title\" content=\"Polityka informacyjna\" \/>\n<meta property=\"og:description\" content=\"Poufno\u015b\u0107 danych i\u00a0ochrona prywatno\u015bci naszych Klient\u00f3w stanowi dla nas kwesti\u0119 priorytetow\u0105. W\u00a0zwi\u0105zku z\u00a0tym w\u00a0trosce o\u00a0bezpiecze\u0144stwo danych oraz respektuj\u0105c obowi\u0105zuj\u0105ce przepisy prawa, w\u00a0sp\u00f3\u0142ce Mi\u015aOT ustanowiono polityk\u0119 okre\u015blaj\u0105c\u0105 zasady dotycz\u0105ce sposobu gromadzenia, przetwarzania i\u00a0wykorzystywania danych zgodn\u0105 z\u00a0Rozporz\u0105dzeniem Parlamentu Europejskiego i\u00a0Rady (UE) 2016\/679 \u2013 tzw. RODO. ADMINISTRATOR DANYCH OSOBOWYCH Administratorem danych osobowych przekazywanych w\u00a0trakcie korzystania ze\u00a0strony www.misot.pl jest ... Polityka informacyjna\" \/>\n<meta property=\"og:url\" content=\"https:\/\/misot.pl\/en\/polityka-informacyjna\/\" \/>\n<meta property=\"og:site_name\" content=\"Mi\u015aOT - Wsparcie dla ma\u0142ych i \u015brednich operator\u00f3w telekomunikacyjnych\" \/>\n<meta property=\"article:modified_time\" content=\"2025-12-19T10:34:26+00:00\" \/>\n<meta property=\"og:image\" content=\"https:\/\/misot.pl\/wp-content\/uploads\/2026\/01\/getty-images-uEGPW7Q6Uhc-unsplash.webp\" \/>\n\t<meta property=\"og:image:width\" content=\"2500\" \/>\n\t<meta property=\"og:image:height\" content=\"1406\" \/>\n\t<meta property=\"og:image:type\" content=\"image\/webp\" \/>\n<meta name=\"twitter:card\" content=\"summary_large_image\" \/>\n<meta name=\"twitter:label1\" content=\"Est. reading time\" \/>\n\t<meta name=\"twitter:data1\" content=\"5 minutes\" \/>\n<script type=\"application\/ld+json\" class=\"yoast-schema-graph\">{\"@context\":\"https:\\\/\\\/schema.org\",\"@graph\":[{\"@type\":\"WebPage\",\"@id\":\"https:\\\/\\\/misot.pl\\\/polityka-informacyjna\\\/\",\"url\":\"https:\\\/\\\/misot.pl\\\/polityka-informacyjna\\\/\",\"name\":\"Polityka informacyjna - Mi\u015aOT - Wsparcie dla ma\u0142ych i \u015brednich operator\u00f3w telekomunikacyjnych\",\"isPartOf\":{\"@id\":\"https:\\\/\\\/misot.pl\\\/#website\"},\"datePublished\":\"2025-12-01T16:42:59+00:00\",\"dateModified\":\"2025-12-19T10:34:26+00:00\",\"breadcrumb\":{\"@id\":\"https:\\\/\\\/misot.pl\\\/polityka-informacyjna\\\/#breadcrumb\"},\"inLanguage\":\"en-US\",\"potentialAction\":[{\"@type\":\"ReadAction\",\"target\":[\"https:\\\/\\\/misot.pl\\\/polityka-informacyjna\\\/\"]}]},{\"@type\":\"BreadcrumbList\",\"@id\":\"https:\\\/\\\/misot.pl\\\/polityka-informacyjna\\\/#breadcrumb\",\"itemListElement\":[{\"@type\":\"ListItem\",\"position\":1,\"name\":\"Strona g\u0142\u00f3wna\",\"item\":\"https:\\\/\\\/misot.pl\\\/\"},{\"@type\":\"ListItem\",\"position\":2,\"name\":\"Polityka informacyjna\"}]},{\"@type\":\"WebSite\",\"@id\":\"https:\\\/\\\/misot.pl\\\/#website\",\"url\":\"https:\\\/\\\/misot.pl\\\/\",\"name\":\"Mi\u015aOT - Wsparcie dla ma\u0142ych i \u015brednich operator\u00f3w telekomunikacyjnych\",\"description\":\"\",\"potentialAction\":[{\"@type\":\"SearchAction\",\"target\":{\"@type\":\"EntryPoint\",\"urlTemplate\":\"https:\\\/\\\/misot.pl\\\/?s={search_term_string}\"},\"query-input\":{\"@type\":\"PropertyValueSpecification\",\"valueRequired\":true,\"valueName\":\"search_term_string\"}}],\"inLanguage\":\"en-US\"}]}<\/script>\n<!-- \/ Yoast SEO Premium plugin. -->","yoast_head_json":{"title":"Information Policy - Mi\u015aOT - Support for Small and Medium-Sized Telecommunications Operators","robots":{"index":"index","follow":"follow","max-snippet":"max-snippet:-1","max-image-preview":"max-image-preview:large","max-video-preview":"max-video-preview:-1"},"canonical":"https:\/\/misot.pl\/en\/polityka-informacyjna\/","og_locale":"en_US","og_type":"article","og_title":"Polityka informacyjna","og_description":"Poufno\u015b\u0107 danych i\u00a0ochrona prywatno\u015bci naszych Klient\u00f3w stanowi dla nas kwesti\u0119 priorytetow\u0105. W\u00a0zwi\u0105zku z\u00a0tym w\u00a0trosce o\u00a0bezpiecze\u0144stwo danych oraz respektuj\u0105c obowi\u0105zuj\u0105ce przepisy prawa, w\u00a0sp\u00f3\u0142ce Mi\u015aOT ustanowiono polityk\u0119 okre\u015blaj\u0105c\u0105 zasady dotycz\u0105ce sposobu gromadzenia, przetwarzania i\u00a0wykorzystywania danych zgodn\u0105 z\u00a0Rozporz\u0105dzeniem Parlamentu Europejskiego i\u00a0Rady (UE) 2016\/679 \u2013 tzw. RODO. ADMINISTRATOR DANYCH OSOBOWYCH Administratorem danych osobowych przekazywanych w\u00a0trakcie korzystania ze\u00a0strony www.misot.pl jest ... Polityka informacyjna","og_url":"https:\/\/misot.pl\/en\/polityka-informacyjna\/","og_site_name":"Mi\u015aOT - Wsparcie dla ma\u0142ych i \u015brednich operator\u00f3w telekomunikacyjnych","article_modified_time":"2025-12-19T10:34:26+00:00","og_image":[{"width":2500,"height":1406,"url":"https:\/\/misot.pl\/wp-content\/uploads\/2026\/01\/getty-images-uEGPW7Q6Uhc-unsplash.webp","type":"image\/webp"}],"twitter_card":"summary_large_image","twitter_misc":{"Est. reading time":"5 minutes"},"schema":{"@context":"https:\/\/schema.org","@graph":[{"@type":"WebPage","@id":"https:\/\/misot.pl\/polityka-informacyjna\/","url":"https:\/\/misot.pl\/polityka-informacyjna\/","name":"Information Policy - Mi\u015aOT - Support for Small and Medium-Sized Telecommunications Operators","isPartOf":{"@id":"https:\/\/misot.pl\/#website"},"datePublished":"2025-12-01T16:42:59+00:00","dateModified":"2025-12-19T10:34:26+00:00","breadcrumb":{"@id":"https:\/\/misot.pl\/polityka-informacyjna\/#breadcrumb"},"inLanguage":"en-US","potentialAction":[{"@type":"ReadAction","target":["https:\/\/misot.pl\/polityka-informacyjna\/"]}]},{"@type":"BreadcrumbList","@id":"https:\/\/misot.pl\/polityka-informacyjna\/#breadcrumb","itemListElement":[{"@type":"ListItem","position":1,"name":"Strona g\u0142\u00f3wna","item":"https:\/\/misot.pl\/"},{"@type":"ListItem","position":2,"name":"Polityka informacyjna"}]},{"@type":"WebSite","@id":"https:\/\/misot.pl\/#website","url":"https:\/\/misot.pl\/","name":"Mi\u015aOT - Support for small and medium-sized telecommunications operators","description":"","potentialAction":[{"@type":"SearchAction","target":{"@type":"EntryPoint","urlTemplate":"https:\/\/misot.pl\/?s={search_term_string}"},"query-input":{"@type":"PropertyValueSpecification","valueRequired":true,"valueName":"search_term_string"}}],"inLanguage":"en-US"}]}},"_links":{"self":[{"href":"https:\/\/misot.pl\/en\/wp-json\/wp\/v2\/pages\/3","targetHints":{"allow":["GET"]}}],"collection":[{"href":"https:\/\/misot.pl\/en\/wp-json\/wp\/v2\/pages"}],"about":[{"href":"https:\/\/misot.pl\/en\/wp-json\/wp\/v2\/types\/page"}],"author":[{"embeddable":true,"href":"https:\/\/misot.pl\/en\/wp-json\/wp\/v2\/users\/1"}],"replies":[{"embeddable":true,"href":"https:\/\/misot.pl\/en\/wp-json\/wp\/v2\/comments?post=3"}],"version-history":[{"count":4,"href":"https:\/\/misot.pl\/en\/wp-json\/wp\/v2\/pages\/3\/revisions"}],"predecessor-version":[{"id":412,"href":"https:\/\/misot.pl\/en\/wp-json\/wp\/v2\/pages\/3\/revisions\/412"}],"wp:attachment":[{"href":"https:\/\/misot.pl\/en\/wp-json\/wp\/v2\/media?parent=3"}],"curies":[{"name":"WordPress","href":"https:\/\/api.w.org\/{rel}","templated":true}]}}