{"id":2,"date":"2025-12-01T17:42:59","date_gmt":"2025-12-01T16:42:59","guid":{"rendered":"https:\/\/misot.pl\/?page_id=2"},"modified":"2026-01-07T22:07:09","modified_gmt":"2026-01-07T21:07:09","slug":"polityka-cookies","status":"publish","type":"page","link":"https:\/\/misot.pl\/en\/polityka-cookies\/","title":{"rendered":"Cookie policy"},"content":{"rendered":"<h2 class=\"wp-block-heading\" id=\"h-wykorzystanie-ciasteczek-cookies\"><strong>USE OF COOKIES<\/strong><\/h2>\n\n\n\n<p><strong>SHARING DATA WITH THIRD PARTIES<\/strong><\/p>\n\n\n\n<p>Mi\u015aOT S.A. will transfer your personal data to:<br>\u2013 data processors acting on behalf of the data controller,<br>- To entities authorized by law.<\/p>\n\n\n\n<p>Mi\u015aOT S.A. reserves the right to make changes to the content of the privacy policy in the event of changes in Polish law or the implementation of new technological and IT solutions.<\/p>\n\n\n\n<p><strong>PROCESSING OF DATA IN THIRD COUNTRIES<\/strong><\/p>\n\n\n\n<p>The Data Controller does not intend to transfer your data outside the European Economic Area (i.e., the area comprising the countries of the European Union, Norway, Liechtenstein, and Iceland).<\/p>\n\n\n\n<p><strong>PROFILING AND AUTOMATED DATA PROCESSING<\/strong><\/p>\n\n\n\n<p>The data you provide will not be profiled or processed automatically.<\/p>","protected":false},"excerpt":{"rendered":"<p>USE OF COOKIES\nSHARING DATA WITH THIRD PARTIES\nMi\u015aOT S.A. will transfer your personal data to:\n\u2013 entities processing data on behalf of the data controller,\n\u2013 entities authorized by law.\nMi\u015aOT S.A. reserves the right to make changes to the privacy policy in the event of changes in Polish law or the implementation of new technological and IT solutions.\nPROCESSING OF DATA IN THIRD COUNTRIES\nThe Data Controller does not intend to transfer your data outside the European Economic Area. <a href=\"https:\/\/misot.pl\/en\/polityka-cookies\/\" class=\"more-link\">...<span class=\"screen-reader-text\">  Cookie policy<\/span><\/a><\/p>","protected":false},"author":1,"featured_media":0,"parent":0,"menu_order":0,"comment_status":"closed","ping_status":"closed","template":"strony.php","meta":{"_acf_changed":false,"footnotes":""},"class_list":["post-2","page","type-page","status-publish","hentry"],"acf":[],"yoast_head":"<!-- This site is optimized with the Yoast SEO Premium plugin v23.8 (Yoast SEO v27.4) - https:\/\/yoast.com\/product\/yoast-seo-premium-wordpress\/ -->\n<title>Polityka cookies - Mi\u015aOT - Wsparcie dla ma\u0142ych i \u015brednich operator\u00f3w telekomunikacyjnych<\/title>\n<meta name=\"robots\" content=\"index, follow, max-snippet:-1, max-image-preview:large, max-video-preview:-1\" \/>\n<link rel=\"canonical\" href=\"https:\/\/misot.pl\/en\/polityka-cookies\/\" \/>\n<meta property=\"og:locale\" content=\"en_US\" \/>\n<meta property=\"og:type\" content=\"article\" \/>\n<meta property=\"og:title\" content=\"Polityka cookies\" \/>\n<meta property=\"og:description\" content=\"WYKORZYSTANIE CIASTECZEK (COOKIES) UDOST\u0118PNIANIE DANYCH PODMIOTOM TRZECIM Mi\u015aOT S.A.\u00a0b\u0119dzie przekazywa\u0107 Pa\u0144stwa dane osobowe:\u2013 podmiotom przetwarzaj\u0105cym dane w\u00a0imieniu administratora danych,\u2013 podmiotom uprawnionym przepisami prawa. Mi\u015aOT S.A.\u00a0zastrzega sobie prawo do\u00a0zmian w\u00a0tre\u015bci polityki prywatno\u015bci w\u00a0sytuacji zmian w\u00a0przepisach prawa polskiego lub wdra\u017cania nowych rozwi\u0105zaniach technologiczno-informatycznych. PRZETWARZANIE DANYCH W\u00a0PA\u0143STWACH TRZECICH Administrator Danych nie zamierza przekazywa\u0107 Pa\u0144stwa danych poza obszar Europejskiego ... Polityka cookies\" \/>\n<meta property=\"og:url\" content=\"https:\/\/misot.pl\/en\/polityka-cookies\/\" \/>\n<meta property=\"og:site_name\" content=\"Mi\u015aOT - Wsparcie dla ma\u0142ych i \u015brednich operator\u00f3w telekomunikacyjnych\" \/>\n<meta property=\"article:modified_time\" content=\"2026-01-07T21:07:09+00:00\" \/>\n<meta property=\"og:image\" content=\"https:\/\/misot.pl\/wp-content\/uploads\/2026\/01\/getty-images-uEGPW7Q6Uhc-unsplash.webp\" \/>\n\t<meta property=\"og:image:width\" content=\"2500\" \/>\n\t<meta property=\"og:image:height\" content=\"1406\" \/>\n\t<meta property=\"og:image:type\" content=\"image\/webp\" \/>\n<meta name=\"twitter:card\" content=\"summary_large_image\" \/>\n<meta name=\"twitter:label1\" content=\"Est. reading time\" \/>\n\t<meta name=\"twitter:data1\" content=\"1 minute\" \/>\n<script type=\"application\/ld+json\" class=\"yoast-schema-graph\">{\"@context\":\"https:\\\/\\\/schema.org\",\"@graph\":[{\"@type\":\"WebPage\",\"@id\":\"https:\\\/\\\/misot.pl\\\/polityka-cookies\\\/\",\"url\":\"https:\\\/\\\/misot.pl\\\/polityka-cookies\\\/\",\"name\":\"Polityka cookies - Mi\u015aOT - Wsparcie dla ma\u0142ych i \u015brednich operator\u00f3w telekomunikacyjnych\",\"isPartOf\":{\"@id\":\"https:\\\/\\\/misot.pl\\\/#website\"},\"datePublished\":\"2025-12-01T16:42:59+00:00\",\"dateModified\":\"2026-01-07T21:07:09+00:00\",\"breadcrumb\":{\"@id\":\"https:\\\/\\\/misot.pl\\\/polityka-cookies\\\/#breadcrumb\"},\"inLanguage\":\"en-US\",\"potentialAction\":[{\"@type\":\"ReadAction\",\"target\":[\"https:\\\/\\\/misot.pl\\\/polityka-cookies\\\/\"]}]},{\"@type\":\"BreadcrumbList\",\"@id\":\"https:\\\/\\\/misot.pl\\\/polityka-cookies\\\/#breadcrumb\",\"itemListElement\":[{\"@type\":\"ListItem\",\"position\":1,\"name\":\"Strona g\u0142\u00f3wna\",\"item\":\"https:\\\/\\\/misot.pl\\\/\"},{\"@type\":\"ListItem\",\"position\":2,\"name\":\"Polityka cookies\"}]},{\"@type\":\"WebSite\",\"@id\":\"https:\\\/\\\/misot.pl\\\/#website\",\"url\":\"https:\\\/\\\/misot.pl\\\/\",\"name\":\"Mi\u015aOT - Wsparcie dla ma\u0142ych i \u015brednich operator\u00f3w telekomunikacyjnych\",\"description\":\"\",\"potentialAction\":[{\"@type\":\"SearchAction\",\"target\":{\"@type\":\"EntryPoint\",\"urlTemplate\":\"https:\\\/\\\/misot.pl\\\/?s={search_term_string}\"},\"query-input\":{\"@type\":\"PropertyValueSpecification\",\"valueRequired\":true,\"valueName\":\"search_term_string\"}}],\"inLanguage\":\"en-US\"}]}<\/script>\n<!-- \/ Yoast SEO Premium plugin. -->","yoast_head_json":{"title":"Cookie Policy - Mi\u015aOT - Support for Small and Medium Telecommunication Operators","robots":{"index":"index","follow":"follow","max-snippet":"max-snippet:-1","max-image-preview":"max-image-preview:large","max-video-preview":"max-video-preview:-1"},"canonical":"https:\/\/misot.pl\/en\/polityka-cookies\/","og_locale":"en_US","og_type":"article","og_title":"Polityka cookies","og_description":"WYKORZYSTANIE CIASTECZEK (COOKIES) UDOST\u0118PNIANIE DANYCH PODMIOTOM TRZECIM Mi\u015aOT S.A.\u00a0b\u0119dzie przekazywa\u0107 Pa\u0144stwa dane osobowe:\u2013 podmiotom przetwarzaj\u0105cym dane w\u00a0imieniu administratora danych,\u2013 podmiotom uprawnionym przepisami prawa. Mi\u015aOT S.A.\u00a0zastrzega sobie prawo do\u00a0zmian w\u00a0tre\u015bci polityki prywatno\u015bci w\u00a0sytuacji zmian w\u00a0przepisach prawa polskiego lub wdra\u017cania nowych rozwi\u0105zaniach technologiczno-informatycznych. PRZETWARZANIE DANYCH W\u00a0PA\u0143STWACH TRZECICH Administrator Danych nie zamierza przekazywa\u0107 Pa\u0144stwa danych poza obszar Europejskiego ... Polityka cookies","og_url":"https:\/\/misot.pl\/en\/polityka-cookies\/","og_site_name":"Mi\u015aOT - Wsparcie dla ma\u0142ych i \u015brednich operator\u00f3w telekomunikacyjnych","article_modified_time":"2026-01-07T21:07:09+00:00","og_image":[{"width":2500,"height":1406,"url":"https:\/\/misot.pl\/wp-content\/uploads\/2026\/01\/getty-images-uEGPW7Q6Uhc-unsplash.webp","type":"image\/webp"}],"twitter_card":"summary_large_image","twitter_misc":{"Est. reading time":"1 minute"},"schema":{"@context":"https:\/\/schema.org","@graph":[{"@type":"WebPage","@id":"https:\/\/misot.pl\/polityka-cookies\/","url":"https:\/\/misot.pl\/polityka-cookies\/","name":"Cookie Policy - Mi\u015aOT - Support for Small and Medium Telecommunication Operators","isPartOf":{"@id":"https:\/\/misot.pl\/#website"},"datePublished":"2025-12-01T16:42:59+00:00","dateModified":"2026-01-07T21:07:09+00:00","breadcrumb":{"@id":"https:\/\/misot.pl\/polityka-cookies\/#breadcrumb"},"inLanguage":"en-US","potentialAction":[{"@type":"ReadAction","target":["https:\/\/misot.pl\/polityka-cookies\/"]}]},{"@type":"BreadcrumbList","@id":"https:\/\/misot.pl\/polityka-cookies\/#breadcrumb","itemListElement":[{"@type":"ListItem","position":1,"name":"Strona g\u0142\u00f3wna","item":"https:\/\/misot.pl\/"},{"@type":"ListItem","position":2,"name":"Polityka cookies"}]},{"@type":"WebSite","@id":"https:\/\/misot.pl\/#website","url":"https:\/\/misot.pl\/","name":"Mi\u015aOT - Support for small and medium-sized telecommunications operators","description":"","potentialAction":[{"@type":"SearchAction","target":{"@type":"EntryPoint","urlTemplate":"https:\/\/misot.pl\/?s={search_term_string}"},"query-input":{"@type":"PropertyValueSpecification","valueRequired":true,"valueName":"search_term_string"}}],"inLanguage":"en-US"}]}},"_links":{"self":[{"href":"https:\/\/misot.pl\/en\/wp-json\/wp\/v2\/pages\/2","targetHints":{"allow":["GET"]}}],"collection":[{"href":"https:\/\/misot.pl\/en\/wp-json\/wp\/v2\/pages"}],"about":[{"href":"https:\/\/misot.pl\/en\/wp-json\/wp\/v2\/types\/page"}],"author":[{"embeddable":true,"href":"https:\/\/misot.pl\/en\/wp-json\/wp\/v2\/users\/1"}],"replies":[{"embeddable":true,"href":"https:\/\/misot.pl\/en\/wp-json\/wp\/v2\/comments?post=2"}],"version-history":[{"count":2,"href":"https:\/\/misot.pl\/en\/wp-json\/wp\/v2\/pages\/2\/revisions"}],"predecessor-version":[{"id":629,"href":"https:\/\/misot.pl\/en\/wp-json\/wp\/v2\/pages\/2\/revisions\/629"}],"wp:attachment":[{"href":"https:\/\/misot.pl\/en\/wp-json\/wp\/v2\/media?parent=2"}],"curies":[{"name":"WordPress","href":"https:\/\/api.w.org\/{rel}","templated":true}]}}