{"id":14,"date":"2025-12-01T20:16:14","date_gmt":"2025-12-01T19:16:14","guid":{"rendered":"https:\/\/misot.pl\/?page_id=14"},"modified":"2026-01-07T13:59:40","modified_gmt":"2026-01-07T12:59:40","slug":"aktualnosci","status":"publish","type":"page","link":"https:\/\/misot.pl\/en\/aktualnosci\/","title":{"rendered":"News"},"content":{"rendered":"","protected":false},"excerpt":{"rendered":"","protected":false},"author":1,"featured_media":0,"parent":0,"menu_order":0,"comment_status":"closed","ping_status":"closed","template":"archive.php","meta":{"_acf_changed":false,"footnotes":""},"class_list":["post-14","page","type-page","status-publish","hentry"],"acf":[],"yoast_head":"<!-- This site is optimized with the Yoast SEO Premium plugin v23.8 (Yoast SEO v27.4) - https:\/\/yoast.com\/product\/yoast-seo-premium-wordpress\/ -->\n<title>Aktualno\u015bci - Mi\u015aOT - Wsparcie dla ma\u0142ych i \u015brednich operator\u00f3w telekomunikacyjnych<\/title>\n<meta name=\"description\" content=\"Sprawd\u017a aktualno\u015bci - najwa\u017cniejsze informacje o wydarzeniach, o tym, co robimy, co s\u0142ycha\u0107 w naszej bran\u017cy.\" \/>\n<meta name=\"robots\" content=\"index, follow, max-snippet:-1, max-image-preview:large, max-video-preview:-1\" \/>\n<link rel=\"canonical\" href=\"https:\/\/misot.pl\/en\/aktualnosci\/\" \/>\n<meta property=\"og:locale\" content=\"en_US\" \/>\n<meta property=\"og:type\" content=\"article\" \/>\n<meta property=\"og:title\" content=\"Aktualno\u015bci\" \/>\n<meta property=\"og:description\" content=\"Sprawd\u017a aktualno\u015bci - najwa\u017cniejsze informacje o wydarzeniach, o tym, co robimy, co s\u0142ycha\u0107 w naszej bran\u017cy.\" \/>\n<meta property=\"og:url\" content=\"https:\/\/misot.pl\/en\/aktualnosci\/\" \/>\n<meta property=\"og:site_name\" content=\"Mi\u015aOT - Wsparcie dla ma\u0142ych i \u015brednich operator\u00f3w telekomunikacyjnych\" \/>\n<meta property=\"article:modified_time\" content=\"2026-01-07T12:59:40+00:00\" \/>\n<meta property=\"og:image\" content=\"https:\/\/misot.pl\/wp-content\/uploads\/2026\/01\/getty-images-uEGPW7Q6Uhc-unsplash.webp\" \/>\n\t<meta property=\"og:image:width\" content=\"2500\" \/>\n\t<meta property=\"og:image:height\" content=\"1406\" \/>\n\t<meta property=\"og:image:type\" content=\"image\/webp\" \/>\n<meta name=\"twitter:card\" content=\"summary_large_image\" \/>\n<script type=\"application\/ld+json\" class=\"yoast-schema-graph\">{\"@context\":\"https:\\\/\\\/schema.org\",\"@graph\":[{\"@type\":\"WebPage\",\"@id\":\"https:\\\/\\\/misot.pl\\\/aktualnosci\\\/\",\"url\":\"https:\\\/\\\/misot.pl\\\/aktualnosci\\\/\",\"name\":\"Aktualno\u015bci - Mi\u015aOT - Wsparcie dla ma\u0142ych i \u015brednich operator\u00f3w telekomunikacyjnych\",\"isPartOf\":{\"@id\":\"https:\\\/\\\/misot.pl\\\/#website\"},\"datePublished\":\"2025-12-01T19:16:14+00:00\",\"dateModified\":\"2026-01-07T12:59:40+00:00\",\"description\":\"Sprawd\u017a aktualno\u015bci - najwa\u017cniejsze informacje o wydarzeniach, o tym, co robimy, co s\u0142ycha\u0107 w naszej bran\u017cy.\",\"breadcrumb\":{\"@id\":\"https:\\\/\\\/misot.pl\\\/aktualnosci\\\/#breadcrumb\"},\"inLanguage\":\"en-US\",\"potentialAction\":[{\"@type\":\"ReadAction\",\"target\":[\"https:\\\/\\\/misot.pl\\\/aktualnosci\\\/\"]}]},{\"@type\":\"BreadcrumbList\",\"@id\":\"https:\\\/\\\/misot.pl\\\/aktualnosci\\\/#breadcrumb\",\"itemListElement\":[{\"@type\":\"ListItem\",\"position\":1,\"name\":\"Strona g\u0142\u00f3wna\",\"item\":\"https:\\\/\\\/misot.pl\\\/\"},{\"@type\":\"ListItem\",\"position\":2,\"name\":\"Aktualno\u015bci\"}]},{\"@type\":\"WebSite\",\"@id\":\"https:\\\/\\\/misot.pl\\\/#website\",\"url\":\"https:\\\/\\\/misot.pl\\\/\",\"name\":\"Mi\u015aOT - Wsparcie dla ma\u0142ych i \u015brednich operator\u00f3w telekomunikacyjnych\",\"description\":\"\",\"potentialAction\":[{\"@type\":\"SearchAction\",\"target\":{\"@type\":\"EntryPoint\",\"urlTemplate\":\"https:\\\/\\\/misot.pl\\\/?s={search_term_string}\"},\"query-input\":{\"@type\":\"PropertyValueSpecification\",\"valueRequired\":true,\"valueName\":\"search_term_string\"}}],\"inLanguage\":\"en-US\"}]}<\/script>\n<!-- \/ Yoast SEO Premium plugin. -->","yoast_head_json":{"title":"News - Mi\u015aOT - Support for Small and Medium Telecom Operators","description":"Check the news - the most important information about events, what we're doing, and what's happening in our industry.","robots":{"index":"index","follow":"follow","max-snippet":"max-snippet:-1","max-image-preview":"max-image-preview:large","max-video-preview":"max-video-preview:-1"},"canonical":"https:\/\/misot.pl\/en\/aktualnosci\/","og_locale":"en_US","og_type":"article","og_title":"Aktualno\u015bci","og_description":"Sprawd\u017a aktualno\u015bci - najwa\u017cniejsze informacje o wydarzeniach, o tym, co robimy, co s\u0142ycha\u0107 w naszej bran\u017cy.","og_url":"https:\/\/misot.pl\/en\/aktualnosci\/","og_site_name":"Mi\u015aOT - Wsparcie dla ma\u0142ych i \u015brednich operator\u00f3w telekomunikacyjnych","article_modified_time":"2026-01-07T12:59:40+00:00","og_image":[{"width":2500,"height":1406,"url":"https:\/\/misot.pl\/wp-content\/uploads\/2026\/01\/getty-images-uEGPW7Q6Uhc-unsplash.webp","type":"image\/webp"}],"twitter_card":"summary_large_image","schema":{"@context":"https:\/\/schema.org","@graph":[{"@type":"WebPage","@id":"https:\/\/misot.pl\/aktualnosci\/","url":"https:\/\/misot.pl\/aktualnosci\/","name":"News - Mi\u015aOT - Support for Small and Medium Telecom Operators","isPartOf":{"@id":"https:\/\/misot.pl\/#website"},"datePublished":"2025-12-01T19:16:14+00:00","dateModified":"2026-01-07T12:59:40+00:00","description":"Check the news - the most important information about events, what we're doing, and what's happening in our industry.","breadcrumb":{"@id":"https:\/\/misot.pl\/aktualnosci\/#breadcrumb"},"inLanguage":"en-US","potentialAction":[{"@type":"ReadAction","target":["https:\/\/misot.pl\/aktualnosci\/"]}]},{"@type":"BreadcrumbList","@id":"https:\/\/misot.pl\/aktualnosci\/#breadcrumb","itemListElement":[{"@type":"ListItem","position":1,"name":"Strona g\u0142\u00f3wna","item":"https:\/\/misot.pl\/"},{"@type":"ListItem","position":2,"name":"Aktualno\u015bci"}]},{"@type":"WebSite","@id":"https:\/\/misot.pl\/#website","url":"https:\/\/misot.pl\/","name":"Mi\u015aOT - Support for small and medium-sized telecommunications operators","description":"","potentialAction":[{"@type":"SearchAction","target":{"@type":"EntryPoint","urlTemplate":"https:\/\/misot.pl\/?s={search_term_string}"},"query-input":{"@type":"PropertyValueSpecification","valueRequired":true,"valueName":"search_term_string"}}],"inLanguage":"en-US"}]}},"_links":{"self":[{"href":"https:\/\/misot.pl\/en\/wp-json\/wp\/v2\/pages\/14","targetHints":{"allow":["GET"]}}],"collection":[{"href":"https:\/\/misot.pl\/en\/wp-json\/wp\/v2\/pages"}],"about":[{"href":"https:\/\/misot.pl\/en\/wp-json\/wp\/v2\/types\/page"}],"author":[{"embeddable":true,"href":"https:\/\/misot.pl\/en\/wp-json\/wp\/v2\/users\/1"}],"replies":[{"embeddable":true,"href":"https:\/\/misot.pl\/en\/wp-json\/wp\/v2\/comments?post=14"}],"version-history":[{"count":1,"href":"https:\/\/misot.pl\/en\/wp-json\/wp\/v2\/pages\/14\/revisions"}],"predecessor-version":[{"id":15,"href":"https:\/\/misot.pl\/en\/wp-json\/wp\/v2\/pages\/14\/revisions\/15"}],"wp:attachment":[{"href":"https:\/\/misot.pl\/en\/wp-json\/wp\/v2\/media?parent=14"}],"curies":[{"name":"WordPress","href":"https:\/\/api.w.org\/{rel}","templated":true}]}}